{"id":10777,"date":"2014-12-12T03:12:20","date_gmt":"2014-12-12T03:12:20","guid":{"rendered":"https:\/\/uniceramic.eu\/o-nas\/"},"modified":"2019-12-04T20:07:15","modified_gmt":"2019-12-04T19:07:15","slug":"o-nas","status":"publish","type":"page","link":"https:\/\/uniceramic.eu\/de\/o-nas\/","title":{"rendered":"\u00dcber uns"},"content":{"rendered":"\t\t<div data-elementor-type=\"wp-page\" data-elementor-id=\"10777\" class=\"elementor elementor-10777\" data-elementor-post-type=\"page\">\n\t\t\t\t\t\t<section class=\"elementor-section elementor-top-section elementor-element elementor-element-6eb1075 elementor-section-boxed elementor-section-height-default elementor-section-height-default\" data-id=\"6eb1075\" data-element_type=\"section\">\n\t\t\t\t\t\t<div class=\"elementor-container elementor-column-gap-default\">\n\t\t\t\t\t<div class=\"elementor-column elementor-col-50 elementor-top-column elementor-element elementor-element-ed5f84e\" data-id=\"ed5f84e\" data-element_type=\"column\">\n\t\t\t<div class=\"elementor-widget-wrap elementor-element-populated\">\n\t\t\t\t\t\t<div class=\"elementor-element elementor-element-1c8d2e1 elementor-widget elementor-widget-text-editor\" data-id=\"1c8d2e1\" data-element_type=\"widget\" data-widget_type=\"text-editor.default\">\n\t\t\t\t<div class=\"elementor-widget-container\">\n\t\t\t\t\t\t\t\t\t<p>Drei Jahre nach dem ersten professionellen Kontakt mit Keramik hat mich das Schicksal an Lent, Maribors sch\u00f6nsten Teil am Fluss, gebracht. Allm\u00e4hlich und mit viel Geduld ist die Keramikwerkstatt Lon\u010darski center Maribor und somit auch unsere Hausmarke Uniceramic Design entstanden. Unsere Marke ist das Ergebnis engagierter Arbeit, Experimentierens mit unterschiedlichen T\u00f6pfertechniken und verschiedenen Tonarten. Unter der Marke Uniceramic Design entstehen einzigartige Keramik-St\u00fccke, die Ihrem Zuhause das gewisse Etwas verleihen oder dem kulinarischen Erlebnis Ihres Restaurants den letzten Schliff geben.<\/p>\t\t\t\t\t\t\t\t<\/div>\n\t\t\t\t<\/div>\n\t\t\t\t\t<\/div>\n\t\t<\/div>\n\t\t\t\t<div class=\"elementor-column elementor-col-50 elementor-top-column elementor-element elementor-element-eb491a1\" data-id=\"eb491a1\" data-element_type=\"column\">\n\t\t\t<div class=\"elementor-widget-wrap elementor-element-populated\">\n\t\t\t\t\t\t<div class=\"elementor-element elementor-element-f58ce0b elementor-widget elementor-widget-video\" data-id=\"f58ce0b\" data-element_type=\"widget\" data-settings=\"{&quot;video_type&quot;:&quot;hosted&quot;,&quot;autoplay&quot;:&quot;yes&quot;,&quot;loop&quot;:&quot;yes&quot;,&quot;controls&quot;:&quot;yes&quot;}\" data-widget_type=\"video.default\">\n\t\t\t\t<div class=\"elementor-widget-container\">\n\t\t\t\t\t\t\t<div class=\"e-hosted-video elementor-wrapper elementor-open-inline\">\n\t\t\t\t\t<video class=\"elementor-video\" src=\"https:\/\/uniceramic.eu\/wp-content\/uploads\/2019\/11\/Uniceramic_VideoVizitka_Final_1.mp4\" autoplay=\"\" loop=\"\" controls=\"\" controlsList=\"nodownload\" poster=\"https:\/\/uniceramic.eu\/wp-content\/uploads\/2019\/11\/vizitka-video-image.jpg\"><\/video>\n\t\t\t\t<\/div>\n\t\t\t\t\t\t<\/div>\n\t\t\t\t<\/div>\n\t\t\t\t\t<\/div>\n\t\t<\/div>\n\t\t\t\t\t<\/div>\n\t\t<\/section>\n\t\t\t\t<section class=\"elementor-section elementor-top-section elementor-element elementor-element-da0e363 elementor-section-boxed elementor-section-height-default elementor-section-height-default\" data-id=\"da0e363\" data-element_type=\"section\">\n\t\t\t\t\t\t<div class=\"elementor-container elementor-column-gap-default\">\n\t\t\t\t\t<div class=\"elementor-column elementor-col-100 elementor-top-column elementor-element elementor-element-d87badf\" data-id=\"d87badf\" data-element_type=\"column\">\n\t\t\t<div class=\"elementor-widget-wrap elementor-element-populated\">\n\t\t\t\t\t\t<div class=\"elementor-element elementor-element-3249782 elementor-widget elementor-widget-text-editor\" data-id=\"3249782\" data-element_type=\"widget\" data-widget_type=\"text-editor.default\">\n\t\t\t\t<div class=\"elementor-widget-container\">\n\t\t\t\t\t\t\t\t\t<p>\u00a0<\/p><p>\u00a0<\/p>\t\t\t\t\t\t\t\t<\/div>\n\t\t\t\t<\/div>\n\t\t\t\t\t<\/div>\n\t\t<\/div>\n\t\t\t\t\t<\/div>\n\t\t<\/section>\n\t\t\t\t<\/div>\n\t\t","protected":false},"excerpt":{"rendered":"<p>Drei Jahre nach dem ersten professionellen Kontakt mit Keramik hat mich das Schicksal an<\/p>\n","protected":false},"author":1,"featured_media":0,"parent":0,"menu_order":0,"comment_status":"open","ping_status":"open","template":"page-templates\/about.php","meta":{"_eb_attr":"","footnotes":""},"class_list":["post-10777","page","type-page","status-publish","hentry"],"yoast_head":"<!-- This site is optimized with the Yoast SEO plugin v26.7 - https:\/\/yoast.com\/wordpress\/plugins\/seo\/ -->\n<title>\u00dcber uns - Uniceramic Design<\/title>\n<meta name=\"robots\" content=\"index, follow, max-snippet:-1, max-image-preview:large, max-video-preview:-1\" \/>\n<link rel=\"canonical\" href=\"https:\/\/uniceramic.eu\/de\/o-nas\/\" \/>\n<meta property=\"og:locale\" content=\"de_DE\" \/>\n<meta property=\"og:type\" content=\"article\" \/>\n<meta property=\"og:title\" content=\"\u00dcber uns - Uniceramic Design\" \/>\n<meta property=\"og:description\" content=\"Drei Jahre nach dem ersten professionellen Kontakt mit Keramik hat mich das Schicksal an\" \/>\n<meta property=\"og:url\" content=\"https:\/\/uniceramic.eu\/de\/o-nas\/\" \/>\n<meta property=\"og:site_name\" content=\"Uniceramic Design\" \/>\n<meta property=\"article:publisher\" content=\"https:\/\/www.facebook.com\/UniceramicDesign\/\" \/>\n<meta property=\"article:modified_time\" content=\"2019-12-04T19:07:15+00:00\" \/>\n<meta name=\"twitter:card\" content=\"summary_large_image\" \/>\n<script type=\"application\/ld+json\" class=\"yoast-schema-graph\">{\"@context\":\"https:\/\/schema.org\",\"@graph\":[{\"@type\":\"WebPage\",\"@id\":\"https:\/\/uniceramic.eu\/de\/o-nas\/\",\"url\":\"https:\/\/uniceramic.eu\/de\/o-nas\/\",\"name\":\"\u00dcber uns - Uniceramic Design\",\"isPartOf\":{\"@id\":\"https:\/\/uniceramic.eu\/#website\"},\"datePublished\":\"2014-12-12T03:12:20+00:00\",\"dateModified\":\"2019-12-04T19:07:15+00:00\",\"breadcrumb\":{\"@id\":\"https:\/\/uniceramic.eu\/de\/o-nas\/#breadcrumb\"},\"inLanguage\":\"de-DE\",\"potentialAction\":[{\"@type\":\"ReadAction\",\"target\":[\"https:\/\/uniceramic.eu\/de\/o-nas\/\"]}]},{\"@type\":\"BreadcrumbList\",\"@id\":\"https:\/\/uniceramic.eu\/de\/o-nas\/#breadcrumb\",\"itemListElement\":[{\"@type\":\"ListItem\",\"position\":1,\"name\":\"Home\",\"item\":\"https:\/\/uniceramic.eu\/\"},{\"@type\":\"ListItem\",\"position\":2,\"name\":\"\u00dcber uns\"}]},{\"@type\":\"WebSite\",\"@id\":\"https:\/\/uniceramic.eu\/#website\",\"url\":\"https:\/\/uniceramic.eu\/\",\"name\":\"Uniceramic Design\",\"description\":\"Uniceramic Design Kolekcija\",\"publisher\":{\"@id\":\"https:\/\/uniceramic.eu\/#organization\"},\"potentialAction\":[{\"@type\":\"SearchAction\",\"target\":{\"@type\":\"EntryPoint\",\"urlTemplate\":\"https:\/\/uniceramic.eu\/?s={search_term_string}\"},\"query-input\":{\"@type\":\"PropertyValueSpecification\",\"valueRequired\":true,\"valueName\":\"search_term_string\"}}],\"inLanguage\":\"de-DE\"},{\"@type\":\"Organization\",\"@id\":\"https:\/\/uniceramic.eu\/#organization\",\"name\":\"Uniceramic d.o.o.\",\"url\":\"https:\/\/uniceramic.eu\/\",\"logo\":{\"@type\":\"ImageObject\",\"inLanguage\":\"de-DE\",\"@id\":\"https:\/\/uniceramic.eu\/#\/schema\/logo\/image\/\",\"url\":\"https:\/\/uniceramic.eu\/wp-content\/uploads\/2019\/11\/logo-150.png\",\"contentUrl\":\"https:\/\/uniceramic.eu\/wp-content\/uploads\/2019\/11\/logo-150.png\",\"width\":150,\"height\":133,\"caption\":\"Uniceramic d.o.o.\"},\"image\":{\"@id\":\"https:\/\/uniceramic.eu\/#\/schema\/logo\/image\/\"},\"sameAs\":[\"https:\/\/www.facebook.com\/UniceramicDesign\/\",\"https:\/\/www.instagram.com\/uniceramic_\/\"]}]}<\/script>\n<!-- \/ Yoast SEO plugin. -->","yoast_head_json":{"title":"\u00dcber uns - Uniceramic Design","robots":{"index":"index","follow":"follow","max-snippet":"max-snippet:-1","max-image-preview":"max-image-preview:large","max-video-preview":"max-video-preview:-1"},"canonical":"https:\/\/uniceramic.eu\/de\/o-nas\/","og_locale":"de_DE","og_type":"article","og_title":"\u00dcber uns - Uniceramic Design","og_description":"Drei Jahre nach dem ersten professionellen Kontakt mit Keramik hat mich das Schicksal an","og_url":"https:\/\/uniceramic.eu\/de\/o-nas\/","og_site_name":"Uniceramic Design","article_publisher":"https:\/\/www.facebook.com\/UniceramicDesign\/","article_modified_time":"2019-12-04T19:07:15+00:00","twitter_card":"summary_large_image","schema":{"@context":"https:\/\/schema.org","@graph":[{"@type":"WebPage","@id":"https:\/\/uniceramic.eu\/de\/o-nas\/","url":"https:\/\/uniceramic.eu\/de\/o-nas\/","name":"\u00dcber uns - Uniceramic Design","isPartOf":{"@id":"https:\/\/uniceramic.eu\/#website"},"datePublished":"2014-12-12T03:12:20+00:00","dateModified":"2019-12-04T19:07:15+00:00","breadcrumb":{"@id":"https:\/\/uniceramic.eu\/de\/o-nas\/#breadcrumb"},"inLanguage":"de-DE","potentialAction":[{"@type":"ReadAction","target":["https:\/\/uniceramic.eu\/de\/o-nas\/"]}]},{"@type":"BreadcrumbList","@id":"https:\/\/uniceramic.eu\/de\/o-nas\/#breadcrumb","itemListElement":[{"@type":"ListItem","position":1,"name":"Home","item":"https:\/\/uniceramic.eu\/"},{"@type":"ListItem","position":2,"name":"\u00dcber uns"}]},{"@type":"WebSite","@id":"https:\/\/uniceramic.eu\/#website","url":"https:\/\/uniceramic.eu\/","name":"Uniceramic Design","description":"Uniceramic Design Kolekcija","publisher":{"@id":"https:\/\/uniceramic.eu\/#organization"},"potentialAction":[{"@type":"SearchAction","target":{"@type":"EntryPoint","urlTemplate":"https:\/\/uniceramic.eu\/?s={search_term_string}"},"query-input":{"@type":"PropertyValueSpecification","valueRequired":true,"valueName":"search_term_string"}}],"inLanguage":"de-DE"},{"@type":"Organization","@id":"https:\/\/uniceramic.eu\/#organization","name":"Uniceramic d.o.o.","url":"https:\/\/uniceramic.eu\/","logo":{"@type":"ImageObject","inLanguage":"de-DE","@id":"https:\/\/uniceramic.eu\/#\/schema\/logo\/image\/","url":"https:\/\/uniceramic.eu\/wp-content\/uploads\/2019\/11\/logo-150.png","contentUrl":"https:\/\/uniceramic.eu\/wp-content\/uploads\/2019\/11\/logo-150.png","width":150,"height":133,"caption":"Uniceramic d.o.o."},"image":{"@id":"https:\/\/uniceramic.eu\/#\/schema\/logo\/image\/"},"sameAs":["https:\/\/www.facebook.com\/UniceramicDesign\/","https:\/\/www.instagram.com\/uniceramic_\/"]}]}},"_links":{"self":[{"href":"https:\/\/uniceramic.eu\/de\/wp-json\/wp\/v2\/pages\/10777","targetHints":{"allow":["GET"]}}],"collection":[{"href":"https:\/\/uniceramic.eu\/de\/wp-json\/wp\/v2\/pages"}],"about":[{"href":"https:\/\/uniceramic.eu\/de\/wp-json\/wp\/v2\/types\/page"}],"author":[{"embeddable":true,"href":"https:\/\/uniceramic.eu\/de\/wp-json\/wp\/v2\/users\/1"}],"replies":[{"embeddable":true,"href":"https:\/\/uniceramic.eu\/de\/wp-json\/wp\/v2\/comments?post=10777"}],"version-history":[{"count":9,"href":"https:\/\/uniceramic.eu\/de\/wp-json\/wp\/v2\/pages\/10777\/revisions"}],"predecessor-version":[{"id":11560,"href":"https:\/\/uniceramic.eu\/de\/wp-json\/wp\/v2\/pages\/10777\/revisions\/11560"}],"wp:attachment":[{"href":"https:\/\/uniceramic.eu\/de\/wp-json\/wp\/v2\/media?parent=10777"}],"curies":[{"name":"wp","href":"https:\/\/api.w.org\/{rel}","templated":true}]}}