{"id":10814,"date":"2019-11-22T19:57:18","date_gmt":"2019-11-22T18:57:18","guid":{"rendered":"https:\/\/uniceramic.eu\/izkusnje\/"},"modified":"2020-01-28T22:43:12","modified_gmt":"2020-01-28T21:43:12","slug":"izkusnje","status":"publish","type":"page","link":"https:\/\/uniceramic.eu\/de\/izkusnje\/","title":{"rendered":"T\u00f6pferkurse"},"content":{"rendered":"\t\t<div data-elementor-type=\"wp-page\" data-elementor-id=\"10814\" class=\"elementor elementor-10814\" data-elementor-post-type=\"page\">\n\t\t\t\t\t\t<section class=\"elementor-section elementor-top-section elementor-element elementor-element-aa6862f elementor-section-boxed elementor-section-height-default elementor-section-height-default\" data-id=\"aa6862f\" data-element_type=\"section\">\n\t\t\t\t\t\t<div class=\"elementor-container elementor-column-gap-default\">\n\t\t\t\t\t<div class=\"elementor-column elementor-col-50 elementor-top-column elementor-element elementor-element-06293f5\" data-id=\"06293f5\" data-element_type=\"column\">\n\t\t\t<div class=\"elementor-widget-wrap elementor-element-populated\">\n\t\t\t\t\t\t<div class=\"elementor-element elementor-element-23670ae elementor-widget elementor-widget-text-editor\" data-id=\"23670ae\" data-element_type=\"widget\" data-widget_type=\"text-editor.default\">\n\t\t\t\t<div class=\"elementor-widget-container\">\n\t\t\t\t\t\t\t\t\t<p><strong>G\u00f6nnen Sie sich einen T\u00f6pferkurs an der Drehscheibe<\/strong><\/p><p>Unsere T\u00f6pferkurse sind f\u00fcr Anf\u00e4nger wie auch f\u00fcr jene mit Erfahrung geeignet. Wir bieten T\u00f6pferkurse f\u00fcr Kinder, Familien, kleinere Gruppen sowie auch individuelle Kurse an und passen diese an die vorherigen Erfahrungen, W\u00fcnsche, K\u00f6nnen und das Alter der Teilnehmer an. Unsere Keramikwerkstatt Lon\u010darski center Maribor ist ein Ort, an dem Sie Ihrer unausgelebten Kreativit\u00e4t freien Lauf geben, sich entspannen oder einfach nur Ihre H\u00e4nde und Sch\u00fcrzen schmutzig machen k\u00f6nnen. Wir leiten Sie durch ein entspanntes Erlebnis, bei dem Sie sich durch den Ton mit der Natur verbinden und gleichzeitig Ihr einzigartiges Keramik-St\u00fcck, das entweder ein kreatives Geschenk mit Ihrer pers\u00f6nlichen Note oder ein Andenken an das unvergessliche T\u00f6pfereierlebnis sein kann, t\u00f6pfern.<\/p><p><span style=\"color: #ff6600;\"><a style=\"color: #ff6600;\" href=\"http:\/\/loncarskicentermaribor.si\/delavnice\/\" target=\"_blank\" rel=\"noopener\"><span class=\"tlid-translation translation\" lang=\"de\"><span class=\"\" title=\"\">Clay Design Workshops<\/span><\/span><\/a><\/span><\/p>\t\t\t\t\t\t\t\t<\/div>\n\t\t\t\t<\/div>\n\t\t\t\t\t<\/div>\n\t\t<\/div>\n\t\t\t\t<div class=\"elementor-column elementor-col-50 elementor-top-column elementor-element elementor-element-f6ca2fe\" data-id=\"f6ca2fe\" data-element_type=\"column\">\n\t\t\t<div class=\"elementor-widget-wrap elementor-element-populated\">\n\t\t\t\t\t\t<div class=\"elementor-element elementor-element-cc0548c elementor-widget elementor-widget-video\" data-id=\"cc0548c\" data-element_type=\"widget\" data-settings=\"{&quot;video_type&quot;:&quot;hosted&quot;,&quot;autoplay&quot;:&quot;yes&quot;,&quot;start&quot;:0,&quot;loop&quot;:&quot;yes&quot;,&quot;controls&quot;:&quot;yes&quot;}\" data-widget_type=\"video.default\">\n\t\t\t\t<div class=\"elementor-widget-container\">\n\t\t\t\t\t\t\t<div class=\"e-hosted-video elementor-wrapper elementor-open-inline\">\n\t\t\t\t\t<video class=\"elementor-video\" src=\"https:\/\/uniceramic.eu\/wp-content\/uploads\/2019\/11\/Uniceramic_Delavnice_Final-1.mp4\" autoplay=\"\" loop=\"\" controls=\"\" controlsList=\"nodownload\" poster=\"https:\/\/uniceramic.eu\/wp-content\/uploads\/2019\/11\/delavnice-video-image.jpg\"><\/video>\n\t\t\t\t<\/div>\n\t\t\t\t\t\t<\/div>\n\t\t\t\t<\/div>\n\t\t\t\t\t<\/div>\n\t\t<\/div>\n\t\t\t\t\t<\/div>\n\t\t<\/section>\n\t\t\t\t<\/div>\n\t\t","protected":false},"excerpt":{"rendered":"<p>G\u00f6nnen Sie sich einen T\u00f6pferkurs an der Drehscheibe Unsere T\u00f6pferkurse sind f\u00fcr Anf\u00e4nger wie<\/p>\n","protected":false},"author":1,"featured_media":0,"parent":0,"menu_order":0,"comment_status":"closed","ping_status":"closed","template":"","meta":{"_eb_attr":"","footnotes":""},"class_list":["post-10814","page","type-page","status-publish","hentry"],"yoast_head":"<!-- This site is optimized with the Yoast SEO plugin v26.7 - https:\/\/yoast.com\/wordpress\/plugins\/seo\/ -->\n<title>T\u00f6pferkurse - Uniceramic Design<\/title>\n<meta name=\"robots\" content=\"index, follow, max-snippet:-1, max-image-preview:large, max-video-preview:-1\" \/>\n<link rel=\"canonical\" href=\"https:\/\/uniceramic.eu\/de\/izkusnje\/\" \/>\n<meta property=\"og:locale\" content=\"de_DE\" \/>\n<meta property=\"og:type\" content=\"article\" \/>\n<meta property=\"og:title\" content=\"T\u00f6pferkurse - Uniceramic Design\" \/>\n<meta property=\"og:description\" content=\"G\u00f6nnen Sie sich einen T\u00f6pferkurs an der Drehscheibe Unsere T\u00f6pferkurse sind f\u00fcr Anf\u00e4nger wie\" \/>\n<meta property=\"og:url\" content=\"https:\/\/uniceramic.eu\/de\/izkusnje\/\" \/>\n<meta property=\"og:site_name\" content=\"Uniceramic Design\" \/>\n<meta property=\"article:publisher\" content=\"https:\/\/www.facebook.com\/UniceramicDesign\/\" \/>\n<meta property=\"article:modified_time\" content=\"2020-01-28T21:43:12+00:00\" \/>\n<meta name=\"twitter:card\" content=\"summary_large_image\" \/>\n<meta name=\"twitter:label1\" content=\"Gesch\u00e4tzte Lesezeit\" \/>\n\t<meta name=\"twitter:data1\" content=\"1 Minute\" \/>\n<script type=\"application\/ld+json\" class=\"yoast-schema-graph\">{\"@context\":\"https:\/\/schema.org\",\"@graph\":[{\"@type\":\"WebPage\",\"@id\":\"https:\/\/uniceramic.eu\/de\/izkusnje\/\",\"url\":\"https:\/\/uniceramic.eu\/de\/izkusnje\/\",\"name\":\"T\u00f6pferkurse - Uniceramic Design\",\"isPartOf\":{\"@id\":\"https:\/\/uniceramic.eu\/#website\"},\"datePublished\":\"2019-11-22T18:57:18+00:00\",\"dateModified\":\"2020-01-28T21:43:12+00:00\",\"breadcrumb\":{\"@id\":\"https:\/\/uniceramic.eu\/de\/izkusnje\/#breadcrumb\"},\"inLanguage\":\"de-DE\",\"potentialAction\":[{\"@type\":\"ReadAction\",\"target\":[\"https:\/\/uniceramic.eu\/de\/izkusnje\/\"]}]},{\"@type\":\"BreadcrumbList\",\"@id\":\"https:\/\/uniceramic.eu\/de\/izkusnje\/#breadcrumb\",\"itemListElement\":[{\"@type\":\"ListItem\",\"position\":1,\"name\":\"Home\",\"item\":\"https:\/\/uniceramic.eu\/\"},{\"@type\":\"ListItem\",\"position\":2,\"name\":\"T\u00f6pferkurse\"}]},{\"@type\":\"WebSite\",\"@id\":\"https:\/\/uniceramic.eu\/#website\",\"url\":\"https:\/\/uniceramic.eu\/\",\"name\":\"Uniceramic Design\",\"description\":\"Uniceramic Design Kolekcija\",\"publisher\":{\"@id\":\"https:\/\/uniceramic.eu\/#organization\"},\"potentialAction\":[{\"@type\":\"SearchAction\",\"target\":{\"@type\":\"EntryPoint\",\"urlTemplate\":\"https:\/\/uniceramic.eu\/?s={search_term_string}\"},\"query-input\":{\"@type\":\"PropertyValueSpecification\",\"valueRequired\":true,\"valueName\":\"search_term_string\"}}],\"inLanguage\":\"de-DE\"},{\"@type\":\"Organization\",\"@id\":\"https:\/\/uniceramic.eu\/#organization\",\"name\":\"Uniceramic d.o.o.\",\"url\":\"https:\/\/uniceramic.eu\/\",\"logo\":{\"@type\":\"ImageObject\",\"inLanguage\":\"de-DE\",\"@id\":\"https:\/\/uniceramic.eu\/#\/schema\/logo\/image\/\",\"url\":\"https:\/\/uniceramic.eu\/wp-content\/uploads\/2019\/11\/logo-150.png\",\"contentUrl\":\"https:\/\/uniceramic.eu\/wp-content\/uploads\/2019\/11\/logo-150.png\",\"width\":150,\"height\":133,\"caption\":\"Uniceramic d.o.o.\"},\"image\":{\"@id\":\"https:\/\/uniceramic.eu\/#\/schema\/logo\/image\/\"},\"sameAs\":[\"https:\/\/www.facebook.com\/UniceramicDesign\/\",\"https:\/\/www.instagram.com\/uniceramic_\/\"]}]}<\/script>\n<!-- \/ Yoast SEO plugin. -->","yoast_head_json":{"title":"T\u00f6pferkurse - Uniceramic Design","robots":{"index":"index","follow":"follow","max-snippet":"max-snippet:-1","max-image-preview":"max-image-preview:large","max-video-preview":"max-video-preview:-1"},"canonical":"https:\/\/uniceramic.eu\/de\/izkusnje\/","og_locale":"de_DE","og_type":"article","og_title":"T\u00f6pferkurse - Uniceramic Design","og_description":"G\u00f6nnen Sie sich einen T\u00f6pferkurs an der Drehscheibe Unsere T\u00f6pferkurse sind f\u00fcr Anf\u00e4nger wie","og_url":"https:\/\/uniceramic.eu\/de\/izkusnje\/","og_site_name":"Uniceramic Design","article_publisher":"https:\/\/www.facebook.com\/UniceramicDesign\/","article_modified_time":"2020-01-28T21:43:12+00:00","twitter_card":"summary_large_image","twitter_misc":{"Gesch\u00e4tzte Lesezeit":"1 Minute"},"schema":{"@context":"https:\/\/schema.org","@graph":[{"@type":"WebPage","@id":"https:\/\/uniceramic.eu\/de\/izkusnje\/","url":"https:\/\/uniceramic.eu\/de\/izkusnje\/","name":"T\u00f6pferkurse - Uniceramic Design","isPartOf":{"@id":"https:\/\/uniceramic.eu\/#website"},"datePublished":"2019-11-22T18:57:18+00:00","dateModified":"2020-01-28T21:43:12+00:00","breadcrumb":{"@id":"https:\/\/uniceramic.eu\/de\/izkusnje\/#breadcrumb"},"inLanguage":"de-DE","potentialAction":[{"@type":"ReadAction","target":["https:\/\/uniceramic.eu\/de\/izkusnje\/"]}]},{"@type":"BreadcrumbList","@id":"https:\/\/uniceramic.eu\/de\/izkusnje\/#breadcrumb","itemListElement":[{"@type":"ListItem","position":1,"name":"Home","item":"https:\/\/uniceramic.eu\/"},{"@type":"ListItem","position":2,"name":"T\u00f6pferkurse"}]},{"@type":"WebSite","@id":"https:\/\/uniceramic.eu\/#website","url":"https:\/\/uniceramic.eu\/","name":"Uniceramic Design","description":"Uniceramic Design Kolekcija","publisher":{"@id":"https:\/\/uniceramic.eu\/#organization"},"potentialAction":[{"@type":"SearchAction","target":{"@type":"EntryPoint","urlTemplate":"https:\/\/uniceramic.eu\/?s={search_term_string}"},"query-input":{"@type":"PropertyValueSpecification","valueRequired":true,"valueName":"search_term_string"}}],"inLanguage":"de-DE"},{"@type":"Organization","@id":"https:\/\/uniceramic.eu\/#organization","name":"Uniceramic d.o.o.","url":"https:\/\/uniceramic.eu\/","logo":{"@type":"ImageObject","inLanguage":"de-DE","@id":"https:\/\/uniceramic.eu\/#\/schema\/logo\/image\/","url":"https:\/\/uniceramic.eu\/wp-content\/uploads\/2019\/11\/logo-150.png","contentUrl":"https:\/\/uniceramic.eu\/wp-content\/uploads\/2019\/11\/logo-150.png","width":150,"height":133,"caption":"Uniceramic d.o.o."},"image":{"@id":"https:\/\/uniceramic.eu\/#\/schema\/logo\/image\/"},"sameAs":["https:\/\/www.facebook.com\/UniceramicDesign\/","https:\/\/www.instagram.com\/uniceramic_\/"]}]}},"_links":{"self":[{"href":"https:\/\/uniceramic.eu\/de\/wp-json\/wp\/v2\/pages\/10814","targetHints":{"allow":["GET"]}}],"collection":[{"href":"https:\/\/uniceramic.eu\/de\/wp-json\/wp\/v2\/pages"}],"about":[{"href":"https:\/\/uniceramic.eu\/de\/wp-json\/wp\/v2\/types\/page"}],"author":[{"embeddable":true,"href":"https:\/\/uniceramic.eu\/de\/wp-json\/wp\/v2\/users\/1"}],"replies":[{"embeddable":true,"href":"https:\/\/uniceramic.eu\/de\/wp-json\/wp\/v2\/comments?post=10814"}],"version-history":[{"count":16,"href":"https:\/\/uniceramic.eu\/de\/wp-json\/wp\/v2\/pages\/10814\/revisions"}],"predecessor-version":[{"id":12640,"href":"https:\/\/uniceramic.eu\/de\/wp-json\/wp\/v2\/pages\/10814\/revisions\/12640"}],"wp:attachment":[{"href":"https:\/\/uniceramic.eu\/de\/wp-json\/wp\/v2\/media?parent=10814"}],"curies":[{"name":"wp","href":"https:\/\/api.w.org\/{rel}","templated":true}]}}