{"id":14130,"date":"2021-06-09T09:28:30","date_gmt":"2021-06-09T07:28:30","guid":{"rendered":"https:\/\/uniceramic.eu\/?post_type=product&#038;p=14130"},"modified":"2021-06-09T15:10:12","modified_gmt":"2021-06-09T13:10:12","slug":"xs-11-cm-x-11-cm-x-4-cm-3","status":"publish","type":"product","link":"https:\/\/uniceramic.eu\/de\/izdelek\/xs-11-cm-x-11-cm-x-4-cm-3\/","title":{"rendered":"XS (11 cm x 11 cm x 4 cm)"},"content":{"rendered":"<h1>MOI extra mini posoda za psa<\/h1>\n<p>MOI mini posoda za psa je namenjena mucam.<\/p>\n<hr \/>\n<h5>Ali je posodica MOI varna za zdravje mojega ljubljen\u010dka?<\/h5>\n<p>Posodice MOI so ro\u010dno izdelane iz gline, ki je naravni material in premazane z glazurami, ki so primerne tovrstnim izdelkom. S tem je zagotovljena varnost za va\u0161ega psa. Posodice MOI so zaradi naravnega materiala, se pravi gline iz katere so izdelane prijazne tudi na\u0161emu okolju in v harmoniji z naravo.<\/p>\n<hr \/>\n<h5>Ali je posodico MOI te\u017eko vzdr\u017eevati?<\/h5>\n<p>Posodica MOI je ob primerni skrbi, da nam ne pade na tla in se razbije, enostavna za vzdr\u017eevanje. Posodica je primerna tudi za pranje v pomivalnem stroju..<\/p>\n<hr \/>\n<h5>Ali je posodica MOI res unikatna?<\/h5>\n<p>Vsaka podsodica MOI je unikatna in ro\u010dno izdelana. Posodice MOI nastajajo izpod rok izku\u0161ene oblikovalke gline z ve\u010dletnimi izku\u0161njami. Tako je zagotovljena njihova edinstvenost in dovr\u0161enost in visoka kakovost.<\/p>\n<hr \/>\n<p><strong>MERE:<\/strong><\/p>\n<table style=\"width: 34.88%;\">\n<tbody>\n<tr>\n<td style=\"width: 21.92%;\">Odprtina zgoraj<\/td>\n<td style=\"width: 12.8%; text-align: center;\">11 cm<\/td>\n<\/tr>\n<tr>\n<td style=\"width: 21.92%;\">Vi\u0161ina<\/td>\n<td style=\"width: 12.8%; text-align: center;\">4 cm<\/td>\n<\/tr>\n<\/tbody>\n<\/table>\n","protected":false},"excerpt":{"rendered":"<p>MOi posodica v temno modri barvi visoke kakovosti.<\/p>\n","protected":false},"featured_media":14089,"template":"","meta":{"_eb_attr":""},"product_brand":[],"product_cat":[204,155],"product_tag":[],"class_list":{"0":"post-14130","1":"product","2":"type-product","3":"status-publish","4":"has-post-thumbnail","6":"product_cat-moi-medium-hundemapf","7":"product_cat-pasje-posode-moi-de","9":"first","10":"instock","11":"shipping-taxable","12":"purchasable","13":"product-type-simple"},"yoast_head":"<!-- This site is optimized with the Yoast SEO plugin v26.7 - https:\/\/yoast.com\/wordpress\/plugins\/seo\/ -->\n<title>XS (11 cm x 11 cm x 4 cm) - Uniceramic Design<\/title>\n<meta name=\"robots\" content=\"index, follow, max-snippet:-1, max-image-preview:large, max-video-preview:-1\" \/>\n<link rel=\"canonical\" href=\"https:\/\/uniceramic.eu\/de\/izdelek\/xs-11-cm-x-11-cm-x-4-cm-3\/\" \/>\n<meta property=\"og:locale\" content=\"de_DE\" \/>\n<meta property=\"og:type\" content=\"article\" \/>\n<meta property=\"og:title\" content=\"XS (11 cm x 11 cm x 4 cm) - Uniceramic Design\" \/>\n<meta property=\"og:description\" content=\"MOi posodica v temno modri barvi visoke kakovosti.\" \/>\n<meta property=\"og:url\" content=\"https:\/\/uniceramic.eu\/de\/izdelek\/xs-11-cm-x-11-cm-x-4-cm-3\/\" \/>\n<meta property=\"og:site_name\" content=\"Uniceramic Design\" \/>\n<meta property=\"article:publisher\" content=\"https:\/\/www.facebook.com\/UniceramicDesign\/\" \/>\n<meta property=\"article:modified_time\" content=\"2021-06-09T13:10:12+00:00\" \/>\n<meta property=\"og:image\" content=\"https:\/\/uniceramic.eu\/wp-content\/uploads\/2021\/05\/nizka-posoda-za-psa-moi-MODRA-BRUSH-mat-dogbowl-1.jpg\" \/>\n\t<meta property=\"og:image:width\" content=\"1181\" \/>\n\t<meta property=\"og:image:height\" content=\"1200\" \/>\n\t<meta property=\"og:image:type\" content=\"image\/jpeg\" \/>\n<meta name=\"twitter:card\" content=\"summary_large_image\" \/>\n<meta name=\"twitter:label1\" content=\"Gesch\u00e4tzte Lesezeit\" \/>\n\t<meta name=\"twitter:data1\" content=\"1 Minute\" \/>\n<script type=\"application\/ld+json\" class=\"yoast-schema-graph\">{\"@context\":\"https:\/\/schema.org\",\"@graph\":[{\"@type\":\"WebPage\",\"@id\":\"https:\/\/uniceramic.eu\/de\/izdelek\/xs-11-cm-x-11-cm-x-4-cm-3\/\",\"url\":\"https:\/\/uniceramic.eu\/de\/izdelek\/xs-11-cm-x-11-cm-x-4-cm-3\/\",\"name\":\"XS (11 cm x 11 cm x 4 cm) - Uniceramic Design\",\"isPartOf\":{\"@id\":\"https:\/\/uniceramic.eu\/#website\"},\"primaryImageOfPage\":{\"@id\":\"https:\/\/uniceramic.eu\/de\/izdelek\/xs-11-cm-x-11-cm-x-4-cm-3\/#primaryimage\"},\"image\":{\"@id\":\"https:\/\/uniceramic.eu\/de\/izdelek\/xs-11-cm-x-11-cm-x-4-cm-3\/#primaryimage\"},\"thumbnailUrl\":\"https:\/\/uniceramic.eu\/wp-content\/uploads\/2021\/05\/nizka-posoda-za-psa-moi-MODRA-BRUSH-mat-dogbowl-1.jpg\",\"datePublished\":\"2021-06-09T07:28:30+00:00\",\"dateModified\":\"2021-06-09T13:10:12+00:00\",\"breadcrumb\":{\"@id\":\"https:\/\/uniceramic.eu\/de\/izdelek\/xs-11-cm-x-11-cm-x-4-cm-3\/#breadcrumb\"},\"inLanguage\":\"de-DE\",\"potentialAction\":[{\"@type\":\"ReadAction\",\"target\":[\"https:\/\/uniceramic.eu\/de\/izdelek\/xs-11-cm-x-11-cm-x-4-cm-3\/\"]}]},{\"@type\":\"ImageObject\",\"inLanguage\":\"de-DE\",\"@id\":\"https:\/\/uniceramic.eu\/de\/izdelek\/xs-11-cm-x-11-cm-x-4-cm-3\/#primaryimage\",\"url\":\"https:\/\/uniceramic.eu\/wp-content\/uploads\/2021\/05\/nizka-posoda-za-psa-moi-MODRA-BRUSH-mat-dogbowl-1.jpg\",\"contentUrl\":\"https:\/\/uniceramic.eu\/wp-content\/uploads\/2021\/05\/nizka-posoda-za-psa-moi-MODRA-BRUSH-mat-dogbowl-1.jpg\",\"width\":1181,\"height\":1200,\"caption\":\"posoda-za-psa-moi-MODRA-BRUSH\"},{\"@type\":\"BreadcrumbList\",\"@id\":\"https:\/\/uniceramic.eu\/de\/izdelek\/xs-11-cm-x-11-cm-x-4-cm-3\/#breadcrumb\",\"itemListElement\":[{\"@type\":\"ListItem\",\"position\":1,\"name\":\"Home\",\"item\":\"https:\/\/uniceramic.eu\/\"},{\"@type\":\"ListItem\",\"position\":2,\"name\":\"Trgovina\",\"item\":\"https:\/\/uniceramic.eu\/trgovina\/\"},{\"@type\":\"ListItem\",\"position\":3,\"name\":\"XS (11 cm x 11 cm x 4 cm)\"}]},{\"@type\":\"WebSite\",\"@id\":\"https:\/\/uniceramic.eu\/#website\",\"url\":\"https:\/\/uniceramic.eu\/\",\"name\":\"Uniceramic Design\",\"description\":\"Uniceramic Design Kolekcija\",\"publisher\":{\"@id\":\"https:\/\/uniceramic.eu\/#organization\"},\"potentialAction\":[{\"@type\":\"SearchAction\",\"target\":{\"@type\":\"EntryPoint\",\"urlTemplate\":\"https:\/\/uniceramic.eu\/?s={search_term_string}\"},\"query-input\":{\"@type\":\"PropertyValueSpecification\",\"valueRequired\":true,\"valueName\":\"search_term_string\"}}],\"inLanguage\":\"de-DE\"},{\"@type\":\"Organization\",\"@id\":\"https:\/\/uniceramic.eu\/#organization\",\"name\":\"Uniceramic d.o.o.\",\"url\":\"https:\/\/uniceramic.eu\/\",\"logo\":{\"@type\":\"ImageObject\",\"inLanguage\":\"de-DE\",\"@id\":\"https:\/\/uniceramic.eu\/#\/schema\/logo\/image\/\",\"url\":\"https:\/\/uniceramic.eu\/wp-content\/uploads\/2019\/11\/logo-150.png\",\"contentUrl\":\"https:\/\/uniceramic.eu\/wp-content\/uploads\/2019\/11\/logo-150.png\",\"width\":150,\"height\":133,\"caption\":\"Uniceramic d.o.o.\"},\"image\":{\"@id\":\"https:\/\/uniceramic.eu\/#\/schema\/logo\/image\/\"},\"sameAs\":[\"https:\/\/www.facebook.com\/UniceramicDesign\/\",\"https:\/\/www.instagram.com\/uniceramic_\/\"]}]}<\/script>\n<!-- \/ Yoast SEO plugin. -->","yoast_head_json":{"title":"XS (11 cm x 11 cm x 4 cm) - Uniceramic Design","robots":{"index":"index","follow":"follow","max-snippet":"max-snippet:-1","max-image-preview":"max-image-preview:large","max-video-preview":"max-video-preview:-1"},"canonical":"https:\/\/uniceramic.eu\/de\/izdelek\/xs-11-cm-x-11-cm-x-4-cm-3\/","og_locale":"de_DE","og_type":"article","og_title":"XS (11 cm x 11 cm x 4 cm) - Uniceramic Design","og_description":"MOi posodica v temno modri barvi visoke kakovosti.","og_url":"https:\/\/uniceramic.eu\/de\/izdelek\/xs-11-cm-x-11-cm-x-4-cm-3\/","og_site_name":"Uniceramic Design","article_publisher":"https:\/\/www.facebook.com\/UniceramicDesign\/","article_modified_time":"2021-06-09T13:10:12+00:00","og_image":[{"width":1181,"height":1200,"url":"https:\/\/uniceramic.eu\/wp-content\/uploads\/2021\/05\/nizka-posoda-za-psa-moi-MODRA-BRUSH-mat-dogbowl-1.jpg","type":"image\/jpeg"}],"twitter_card":"summary_large_image","twitter_misc":{"Gesch\u00e4tzte Lesezeit":"1 Minute"},"schema":{"@context":"https:\/\/schema.org","@graph":[{"@type":"WebPage","@id":"https:\/\/uniceramic.eu\/de\/izdelek\/xs-11-cm-x-11-cm-x-4-cm-3\/","url":"https:\/\/uniceramic.eu\/de\/izdelek\/xs-11-cm-x-11-cm-x-4-cm-3\/","name":"XS (11 cm x 11 cm x 4 cm) - Uniceramic Design","isPartOf":{"@id":"https:\/\/uniceramic.eu\/#website"},"primaryImageOfPage":{"@id":"https:\/\/uniceramic.eu\/de\/izdelek\/xs-11-cm-x-11-cm-x-4-cm-3\/#primaryimage"},"image":{"@id":"https:\/\/uniceramic.eu\/de\/izdelek\/xs-11-cm-x-11-cm-x-4-cm-3\/#primaryimage"},"thumbnailUrl":"https:\/\/uniceramic.eu\/wp-content\/uploads\/2021\/05\/nizka-posoda-za-psa-moi-MODRA-BRUSH-mat-dogbowl-1.jpg","datePublished":"2021-06-09T07:28:30+00:00","dateModified":"2021-06-09T13:10:12+00:00","breadcrumb":{"@id":"https:\/\/uniceramic.eu\/de\/izdelek\/xs-11-cm-x-11-cm-x-4-cm-3\/#breadcrumb"},"inLanguage":"de-DE","potentialAction":[{"@type":"ReadAction","target":["https:\/\/uniceramic.eu\/de\/izdelek\/xs-11-cm-x-11-cm-x-4-cm-3\/"]}]},{"@type":"ImageObject","inLanguage":"de-DE","@id":"https:\/\/uniceramic.eu\/de\/izdelek\/xs-11-cm-x-11-cm-x-4-cm-3\/#primaryimage","url":"https:\/\/uniceramic.eu\/wp-content\/uploads\/2021\/05\/nizka-posoda-za-psa-moi-MODRA-BRUSH-mat-dogbowl-1.jpg","contentUrl":"https:\/\/uniceramic.eu\/wp-content\/uploads\/2021\/05\/nizka-posoda-za-psa-moi-MODRA-BRUSH-mat-dogbowl-1.jpg","width":1181,"height":1200,"caption":"posoda-za-psa-moi-MODRA-BRUSH"},{"@type":"BreadcrumbList","@id":"https:\/\/uniceramic.eu\/de\/izdelek\/xs-11-cm-x-11-cm-x-4-cm-3\/#breadcrumb","itemListElement":[{"@type":"ListItem","position":1,"name":"Home","item":"https:\/\/uniceramic.eu\/"},{"@type":"ListItem","position":2,"name":"Trgovina","item":"https:\/\/uniceramic.eu\/trgovina\/"},{"@type":"ListItem","position":3,"name":"XS (11 cm x 11 cm x 4 cm)"}]},{"@type":"WebSite","@id":"https:\/\/uniceramic.eu\/#website","url":"https:\/\/uniceramic.eu\/","name":"Uniceramic Design","description":"Uniceramic Design Kolekcija","publisher":{"@id":"https:\/\/uniceramic.eu\/#organization"},"potentialAction":[{"@type":"SearchAction","target":{"@type":"EntryPoint","urlTemplate":"https:\/\/uniceramic.eu\/?s={search_term_string}"},"query-input":{"@type":"PropertyValueSpecification","valueRequired":true,"valueName":"search_term_string"}}],"inLanguage":"de-DE"},{"@type":"Organization","@id":"https:\/\/uniceramic.eu\/#organization","name":"Uniceramic d.o.o.","url":"https:\/\/uniceramic.eu\/","logo":{"@type":"ImageObject","inLanguage":"de-DE","@id":"https:\/\/uniceramic.eu\/#\/schema\/logo\/image\/","url":"https:\/\/uniceramic.eu\/wp-content\/uploads\/2019\/11\/logo-150.png","contentUrl":"https:\/\/uniceramic.eu\/wp-content\/uploads\/2019\/11\/logo-150.png","width":150,"height":133,"caption":"Uniceramic d.o.o."},"image":{"@id":"https:\/\/uniceramic.eu\/#\/schema\/logo\/image\/"},"sameAs":["https:\/\/www.facebook.com\/UniceramicDesign\/","https:\/\/www.instagram.com\/uniceramic_\/"]}]}},"_links":{"self":[{"href":"https:\/\/uniceramic.eu\/de\/wp-json\/wp\/v2\/product\/14130","targetHints":{"allow":["GET"]}}],"collection":[{"href":"https:\/\/uniceramic.eu\/de\/wp-json\/wp\/v2\/product"}],"about":[{"href":"https:\/\/uniceramic.eu\/de\/wp-json\/wp\/v2\/types\/product"}],"version-history":[{"count":0,"href":"https:\/\/uniceramic.eu\/de\/wp-json\/wp\/v2\/product\/14130\/revisions"}],"wp:featuredmedia":[{"embeddable":true,"href":"https:\/\/uniceramic.eu\/de\/wp-json\/wp\/v2\/media\/14089"}],"wp:attachment":[{"href":"https:\/\/uniceramic.eu\/de\/wp-json\/wp\/v2\/media?parent=14130"}],"wp:term":[{"taxonomy":"product_brand","embeddable":true,"href":"https:\/\/uniceramic.eu\/de\/wp-json\/wp\/v2\/product_brand?post=14130"},{"taxonomy":"product_cat","embeddable":true,"href":"https:\/\/uniceramic.eu\/de\/wp-json\/wp\/v2\/product_cat?post=14130"},{"taxonomy":"product_tag","embeddable":true,"href":"https:\/\/uniceramic.eu\/de\/wp-json\/wp\/v2\/product_tag?post=14130"}],"curies":[{"name":"wp","href":"https:\/\/api.w.org\/{rel}","templated":true}]}}