{"id":10812,"date":"2019-11-22T19:57:18","date_gmt":"2019-11-22T18:57:18","guid":{"rendered":"https:\/\/uniceramic.eu\/izkusnje\/"},"modified":"2019-12-05T11:11:54","modified_gmt":"2019-12-05T10:11:54","slug":"workshops","status":"publish","type":"page","link":"https:\/\/uniceramic.eu\/en\/workshops\/","title":{"rendered":"Workshops"},"content":{"rendered":"\t\t<div data-elementor-type=\"wp-page\" data-elementor-id=\"10812\" class=\"elementor elementor-10812\" data-elementor-post-type=\"page\">\n\t\t\t\t\t\t<section class=\"elementor-section elementor-top-section elementor-element elementor-element-aa6862f elementor-section-boxed elementor-section-height-default elementor-section-height-default\" data-id=\"aa6862f\" data-element_type=\"section\">\n\t\t\t\t\t\t<div class=\"elementor-container elementor-column-gap-default\">\n\t\t\t\t\t<div class=\"elementor-column elementor-col-50 elementor-top-column elementor-element elementor-element-06293f5\" data-id=\"06293f5\" data-element_type=\"column\">\n\t\t\t<div class=\"elementor-widget-wrap elementor-element-populated\">\n\t\t\t\t\t\t<div class=\"elementor-element elementor-element-23670ae elementor-widget elementor-widget-text-editor\" data-id=\"23670ae\" data-element_type=\"widget\" data-widget_type=\"text-editor.default\">\n\t\t\t\t<div class=\"elementor-widget-container\">\n\t\t\t\t\t\t\t\t\t<p><em>Preizkusite se v lon\u010darjenju<\/em><\/p>\n<p>Delavnice oblikovanja gline so primerne za popolne za\u010detnike kot tudi za tiste, ki so \u017ee ve\u0161\u010di ustvarjanja z glino. Izvajamo delavnice za otroke, dru\u017eine, manj\u0161e skupine in posameznike. Delavnice prilagodimo glede morebitno predhodno znanje, va\u0161e \u017eelje, spretnosti in starost udele\u017eencev. Lon\u010darski center Maribor je prostor, kjer lahko izrazite neiz\u017eiveto kreativnost, se sprostite ali pa si pridete samo umazat roke in predpasnike. Mi vas bomo vodili skozi spro\u0161\u010dujo\u010de do\u017eivetje, kjer boste preko gline za\u010dutili mo\u010d narave, hkrati pa ustvarili svoj unikaten izdelek, ki je lahko unikatno darilo z va\u0161o osebno noto ali pa spomin na lon\u010darsko izku\u0161njo.<\/p>\n<p>Podarite si izku\u0161njo oblikovanja gline na lon\u010darskem vretenu.<\/p>\n\t\t\t\t\t\t\t\t<\/div>\n\t\t\t\t<\/div>\n\t\t\t\t\t<\/div>\n\t\t<\/div>\n\t\t\t\t<div class=\"elementor-column elementor-col-50 elementor-top-column elementor-element elementor-element-f6ca2fe\" data-id=\"f6ca2fe\" data-element_type=\"column\">\n\t\t\t<div class=\"elementor-widget-wrap elementor-element-populated\">\n\t\t\t\t\t\t<div class=\"elementor-element elementor-element-cc0548c elementor-widget elementor-widget-video\" data-id=\"cc0548c\" data-element_type=\"widget\" data-settings=\"{&quot;video_type&quot;:&quot;hosted&quot;,&quot;autoplay&quot;:&quot;yes&quot;,&quot;start&quot;:0,&quot;loop&quot;:&quot;yes&quot;,&quot;controls&quot;:&quot;yes&quot;}\" data-widget_type=\"video.default\">\n\t\t\t\t<div class=\"elementor-widget-container\">\n\t\t\t\t\t\t\t<div class=\"e-hosted-video elementor-wrapper elementor-open-inline\">\n\t\t\t\t\t<video class=\"elementor-video\" src=\"https:\/\/uniceramic.eu\/wp-content\/uploads\/2019\/11\/Uniceramic_Delavnice_Final-1.mp4\" autoplay=\"\" loop=\"\" controls=\"\" controlsList=\"nodownload\" poster=\"https:\/\/uniceramic.eu\/wp-content\/uploads\/2019\/11\/delavnice-video-image.jpg\"><\/video>\n\t\t\t\t<\/div>\n\t\t\t\t\t\t<\/div>\n\t\t\t\t<\/div>\n\t\t\t\t\t<\/div>\n\t\t<\/div>\n\t\t\t\t\t<\/div>\n\t\t<\/section>\n\t\t\t\t<\/div>\n\t\t","protected":false},"excerpt":{"rendered":"<p>Preizkusite se v lon\u010darjenju Delavnice oblikovanja gline so primerne za popolne za\u010detnike kot tudi<\/p>\n","protected":false},"author":1,"featured_media":0,"parent":0,"menu_order":0,"comment_status":"closed","ping_status":"closed","template":"","meta":{"_eb_attr":"","footnotes":""},"class_list":["post-10812","page","type-page","status-publish","hentry"],"yoast_head":"<!-- This site is optimized with the Yoast SEO plugin v26.7 - https:\/\/yoast.com\/wordpress\/plugins\/seo\/ -->\n<title>Workshops - Uniceramic Design<\/title>\n<meta name=\"robots\" content=\"index, follow, max-snippet:-1, max-image-preview:large, max-video-preview:-1\" \/>\n<link rel=\"canonical\" href=\"https:\/\/uniceramic.eu\/en\/workshops\/\" \/>\n<meta property=\"og:locale\" content=\"en_US\" \/>\n<meta property=\"og:type\" content=\"article\" \/>\n<meta property=\"og:title\" content=\"Workshops - Uniceramic Design\" \/>\n<meta property=\"og:description\" content=\"Preizkusite se v lon\u010darjenju Delavnice oblikovanja gline so primerne za popolne za\u010detnike kot tudi\" \/>\n<meta property=\"og:url\" content=\"https:\/\/uniceramic.eu\/en\/workshops\/\" \/>\n<meta property=\"og:site_name\" content=\"Uniceramic Design\" \/>\n<meta property=\"article:publisher\" content=\"https:\/\/www.facebook.com\/UniceramicDesign\/\" \/>\n<meta property=\"article:modified_time\" content=\"2019-12-05T10:11:54+00:00\" \/>\n<meta name=\"twitter:card\" content=\"summary_large_image\" \/>\n<meta name=\"twitter:label1\" content=\"Est. reading time\" \/>\n\t<meta name=\"twitter:data1\" content=\"1 minute\" \/>\n<script type=\"application\/ld+json\" class=\"yoast-schema-graph\">{\"@context\":\"https:\/\/schema.org\",\"@graph\":[{\"@type\":\"WebPage\",\"@id\":\"https:\/\/uniceramic.eu\/en\/workshops\/\",\"url\":\"https:\/\/uniceramic.eu\/en\/workshops\/\",\"name\":\"Workshops - Uniceramic Design\",\"isPartOf\":{\"@id\":\"https:\/\/uniceramic.eu\/#website\"},\"datePublished\":\"2019-11-22T18:57:18+00:00\",\"dateModified\":\"2019-12-05T10:11:54+00:00\",\"breadcrumb\":{\"@id\":\"https:\/\/uniceramic.eu\/en\/workshops\/#breadcrumb\"},\"inLanguage\":\"en-US\",\"potentialAction\":[{\"@type\":\"ReadAction\",\"target\":[\"https:\/\/uniceramic.eu\/en\/workshops\/\"]}]},{\"@type\":\"BreadcrumbList\",\"@id\":\"https:\/\/uniceramic.eu\/en\/workshops\/#breadcrumb\",\"itemListElement\":[{\"@type\":\"ListItem\",\"position\":1,\"name\":\"Home\",\"item\":\"https:\/\/uniceramic.eu\/\"},{\"@type\":\"ListItem\",\"position\":2,\"name\":\"Workshops\"}]},{\"@type\":\"WebSite\",\"@id\":\"https:\/\/uniceramic.eu\/#website\",\"url\":\"https:\/\/uniceramic.eu\/\",\"name\":\"Uniceramic Design\",\"description\":\"Uniceramic Design Kolekcija\",\"publisher\":{\"@id\":\"https:\/\/uniceramic.eu\/#organization\"},\"potentialAction\":[{\"@type\":\"SearchAction\",\"target\":{\"@type\":\"EntryPoint\",\"urlTemplate\":\"https:\/\/uniceramic.eu\/?s={search_term_string}\"},\"query-input\":{\"@type\":\"PropertyValueSpecification\",\"valueRequired\":true,\"valueName\":\"search_term_string\"}}],\"inLanguage\":\"en-US\"},{\"@type\":\"Organization\",\"@id\":\"https:\/\/uniceramic.eu\/#organization\",\"name\":\"Uniceramic d.o.o.\",\"url\":\"https:\/\/uniceramic.eu\/\",\"logo\":{\"@type\":\"ImageObject\",\"inLanguage\":\"en-US\",\"@id\":\"https:\/\/uniceramic.eu\/#\/schema\/logo\/image\/\",\"url\":\"https:\/\/uniceramic.eu\/wp-content\/uploads\/2019\/11\/logo-150.png\",\"contentUrl\":\"https:\/\/uniceramic.eu\/wp-content\/uploads\/2019\/11\/logo-150.png\",\"width\":150,\"height\":133,\"caption\":\"Uniceramic d.o.o.\"},\"image\":{\"@id\":\"https:\/\/uniceramic.eu\/#\/schema\/logo\/image\/\"},\"sameAs\":[\"https:\/\/www.facebook.com\/UniceramicDesign\/\",\"https:\/\/www.instagram.com\/uniceramic_\/\"]}]}<\/script>\n<!-- \/ Yoast SEO plugin. -->","yoast_head_json":{"title":"Workshops - Uniceramic Design","robots":{"index":"index","follow":"follow","max-snippet":"max-snippet:-1","max-image-preview":"max-image-preview:large","max-video-preview":"max-video-preview:-1"},"canonical":"https:\/\/uniceramic.eu\/en\/workshops\/","og_locale":"en_US","og_type":"article","og_title":"Workshops - Uniceramic Design","og_description":"Preizkusite se v lon\u010darjenju Delavnice oblikovanja gline so primerne za popolne za\u010detnike kot tudi","og_url":"https:\/\/uniceramic.eu\/en\/workshops\/","og_site_name":"Uniceramic Design","article_publisher":"https:\/\/www.facebook.com\/UniceramicDesign\/","article_modified_time":"2019-12-05T10:11:54+00:00","twitter_card":"summary_large_image","twitter_misc":{"Est. reading time":"1 minute"},"schema":{"@context":"https:\/\/schema.org","@graph":[{"@type":"WebPage","@id":"https:\/\/uniceramic.eu\/en\/workshops\/","url":"https:\/\/uniceramic.eu\/en\/workshops\/","name":"Workshops - Uniceramic Design","isPartOf":{"@id":"https:\/\/uniceramic.eu\/#website"},"datePublished":"2019-11-22T18:57:18+00:00","dateModified":"2019-12-05T10:11:54+00:00","breadcrumb":{"@id":"https:\/\/uniceramic.eu\/en\/workshops\/#breadcrumb"},"inLanguage":"en-US","potentialAction":[{"@type":"ReadAction","target":["https:\/\/uniceramic.eu\/en\/workshops\/"]}]},{"@type":"BreadcrumbList","@id":"https:\/\/uniceramic.eu\/en\/workshops\/#breadcrumb","itemListElement":[{"@type":"ListItem","position":1,"name":"Home","item":"https:\/\/uniceramic.eu\/"},{"@type":"ListItem","position":2,"name":"Workshops"}]},{"@type":"WebSite","@id":"https:\/\/uniceramic.eu\/#website","url":"https:\/\/uniceramic.eu\/","name":"Uniceramic Design","description":"Uniceramic Design Kolekcija","publisher":{"@id":"https:\/\/uniceramic.eu\/#organization"},"potentialAction":[{"@type":"SearchAction","target":{"@type":"EntryPoint","urlTemplate":"https:\/\/uniceramic.eu\/?s={search_term_string}"},"query-input":{"@type":"PropertyValueSpecification","valueRequired":true,"valueName":"search_term_string"}}],"inLanguage":"en-US"},{"@type":"Organization","@id":"https:\/\/uniceramic.eu\/#organization","name":"Uniceramic d.o.o.","url":"https:\/\/uniceramic.eu\/","logo":{"@type":"ImageObject","inLanguage":"en-US","@id":"https:\/\/uniceramic.eu\/#\/schema\/logo\/image\/","url":"https:\/\/uniceramic.eu\/wp-content\/uploads\/2019\/11\/logo-150.png","contentUrl":"https:\/\/uniceramic.eu\/wp-content\/uploads\/2019\/11\/logo-150.png","width":150,"height":133,"caption":"Uniceramic d.o.o."},"image":{"@id":"https:\/\/uniceramic.eu\/#\/schema\/logo\/image\/"},"sameAs":["https:\/\/www.facebook.com\/UniceramicDesign\/","https:\/\/www.instagram.com\/uniceramic_\/"]}]}},"_links":{"self":[{"href":"https:\/\/uniceramic.eu\/en\/wp-json\/wp\/v2\/pages\/10812","targetHints":{"allow":["GET"]}}],"collection":[{"href":"https:\/\/uniceramic.eu\/en\/wp-json\/wp\/v2\/pages"}],"about":[{"href":"https:\/\/uniceramic.eu\/en\/wp-json\/wp\/v2\/types\/page"}],"author":[{"embeddable":true,"href":"https:\/\/uniceramic.eu\/en\/wp-json\/wp\/v2\/users\/1"}],"replies":[{"embeddable":true,"href":"https:\/\/uniceramic.eu\/en\/wp-json\/wp\/v2\/comments?post=10812"}],"version-history":[{"count":15,"href":"https:\/\/uniceramic.eu\/en\/wp-json\/wp\/v2\/pages\/10812\/revisions"}],"predecessor-version":[{"id":11653,"href":"https:\/\/uniceramic.eu\/en\/wp-json\/wp\/v2\/pages\/10812\/revisions\/11653"}],"wp:attachment":[{"href":"https:\/\/uniceramic.eu\/en\/wp-json\/wp\/v2\/media?parent=10812"}],"curies":[{"name":"wp","href":"https:\/\/api.w.org\/{rel}","templated":true}]}}